{"id":636,"date":"2025-06-21T13:08:42","date_gmt":"2025-06-21T11:08:42","guid":{"rendered":"https:\/\/www.kzpetrochemia.pl\/?page_id=636"},"modified":"2025-06-21T13:20:21","modified_gmt":"2025-06-21T11:20:21","slug":"visual-composer-636","status":"publish","type":"page","link":"https:\/\/www.kzpetrochemia.pl\/index.php\/visual-composer-636\/","title":{"rendered":"Regulamin Portu"},"content":{"rendered":"<div class=\"vce-row-container\" data-vce-boxed-width=\"true\"><div class=\"vce-row vce-row--col-gap-30 vce-row-equal-height vce-row-content--top\" id=\"el-d11b1686\" data-vce-do-apply=\"all el-d11b1686\"><div class=\"vce-row-content\" data-vce-element-content=\"true\"><div class=\"vce-col vce-col--md-auto vce-col--xs-1 vce-col--xs-last vce-col--xs-first vce-col--sm-last vce-col--sm-first vce-col--md-last vce-col--lg-last vce-col--xl-last vce-col--md-first vce-col--lg-first vce-col--xl-first\" id=\"el-8ff21406\"><div class=\"vce-col-inner\" data-vce-do-apply=\"border margin background  el-8ff21406\"><div class=\"vce-col-content\" data-vce-element-content=\"true\" data-vce-do-apply=\"padding el-8ff21406\"><div class=\"vce-single-image-container vce-single-image--align-left\"><div class=\"vce vce-single-image-wrapper\" id=\"el-9dd9c198\" data-vce-do-apply=\"all el-9dd9c198\"><figure><div class=\"vce-single-image-figure-inner\" style=\"width: 1024px;\"><div class=\"vce-single-image-inner vce-single-image--absolute\" style=\"width: 100%; padding-bottom: 18.75%;\"><img loading=\"lazy\" decoding=\"async\" class=\"vce-single-image\"  width=\"1024\" height=\"192\" srcset=\"https:\/\/www.kzpetrochemia.pl\/wp-content\/uploads\/2025\/06\/Bez-nazwy-1-1024x192.png 1024w, https:\/\/www.kzpetrochemia.pl\/wp-content\/uploads\/2025\/06\/Bez-nazwy-1-2048x385.png 2x, https:\/\/www.kzpetrochemia.pl\/wp-content\/uploads\/2025\/06\/Bez-nazwy-1-320x60.png 320w, https:\/\/www.kzpetrochemia.pl\/wp-content\/uploads\/2025\/06\/Bez-nazwy-1-480x90.png 480w, https:\/\/www.kzpetrochemia.pl\/wp-content\/uploads\/2025\/06\/Bez-nazwy-1-800x150.png 800w\" src=\"https:\/\/www.kzpetrochemia.pl\/wp-content\/uploads\/2025\/06\/Bez-nazwy-1-1024x192.png\" data-img-src=\"https:\/\/www.kzpetrochemia.pl\/wp-content\/uploads\/2025\/06\/Bez-nazwy-1.png\" data-attachment-id=\"641\"  alt=\"\" title=\"Bez nazwy-1\" \/><\/div><\/div><figcaption hidden=\"\"><\/figcaption><\/figure><\/div><\/div><div class=\"vce-text-block\"><div class=\"vce-text-block-wrapper vce\" id=\"el-3a91e2b8\" data-vce-do-apply=\"all el-3a91e2b8\"><p align=\"CENTER\"><span style=\"font-family: Arial, sans-serif;\"><span style=\"font-size: large;\"><b>REGULAMIN PORTU JACHTOWEGO K\u017b \u201ePETROCHEMIA\u201d P\u0141OCK<\/b><\/span><\/span><span style=\"font-family: Arial, sans-serif;\"><span style=\"font-size: large;\"><b> <\/b><\/span><\/span><\/p><p><span style=\"font-family: Arial, sans-serif;\"><span style=\"font-size: medium;\">1. Port jest miejscem postoju jednostek p\u0142ywaj\u0105cych cz\u0142onk\u00f3w klubu, rezydent\u00f3w, oraz go\u015bci zgodnie z cennikiem:<\/span><\/span><\/p><p><span style=\"font-family: Arial, sans-serif;\"><span style=\"font-size: medium;\">- cz\u0142onek K\u017b \u201ePetrochemia\u201d - bezp\u0142atnie<\/span><\/span><\/p><p><span style=\"font-family: Arial, sans-serif;\"><span style=\"font-size: medium;\">- rezydent - 220 z\u0142\/miesi\u0119cznie<\/span><\/span><\/p><p><span style=\"font-family: Arial, sans-serif;\"><span style=\"font-size: medium;\">- go\u015b\u0107 - 30 z\u0142\/dob\u0119 , 10 z\u0142 \u2013 pod\u0142\u0105czenie pr\u0105du<\/span><\/span><\/p><p><a name=\"p3R_mc3\"><\/a><span style=\"font-family: Arial, sans-serif;\"><span style=\"font-size: medium;\">2. Miejsce i spos\u00f3b cumowania wyznacza Bosman lub Kierownik O\u015brodka Wodnego <\/span><\/span><\/p><p><span style=\"font-family: Arial, sans-serif;\"><span style=\"font-size: medium;\"> <\/span><\/span><span style=\"font-family: Arial, sans-serif;\"><span style=\"font-size: medium;\"><b>BOSMAN tel. 692-835-901<\/b><\/span><\/span><\/p><p><span style=\"font-family: Arial, sans-serif;\"><span style=\"font-size: medium;\"><b>KOW tel. 608-683-002<\/b><\/span><\/span><\/p><p><span style=\"font-family: Arial, sans-serif;\"><span style=\"font-size: medium;\">3. <\/span><\/span><span style=\"font-family: Arial, sans-serif;\"><span style=\"font-size: medium;\"><b>Informacje dla sternik\u00f3w jednostek p\u0142ywaj\u0105cych cumuj\u0105cych go\u015bcinnie na terenie portu K\u017b \u201ePetrochemia\u201d.<\/b><\/span><\/span><\/p><p><span style=\"font-family: Arial, sans-serif;\"><span style=\"font-size: medium;\">- Op\u0142ata portowa obejmuje post\u00f3j jednostki (jedno stanowisko cumownicze), korzystanie ze \u015bmietnik\u00f3w, sanitariat\u00f3w, prysznica, wody do kanistr\u00f3w.<\/span><\/span><\/p><p><span style=\"font-size: medium;\">- <\/span><span style=\"font-family: Arial, sans-serif;\"><span style=\"font-size: medium;\">Doba postojowa trwa od godziny 12:00 do godziny 12:00 dnia nast\u0119pnego.<\/span><\/span><\/p><p><a name=\"p3R_mc6\"><\/a><a name=\"p3R_mc7\"><\/a> <span style=\"font-family: Arial, sans-serif;\"><span style=\"font-size: medium;\">- W porcie maj\u0105 prawo cumowa\u0107 jednostki p\u0142ywaj\u0105ce, kt\u00f3rych sternicy uzyskali na to<br>zgod\u0119 Bosmana lub KOW<\/span><\/span><\/p><p><span style=\"font-family: Arial, sans-serif;\"><span style=\"font-size: medium;\">4. Na terenie portu obowi\u0105zuj\u0105 og\u00f3lne przepisy \u017ceglugowe.<\/span><\/span><\/p><p><span style=\"font-family: Arial, sans-serif;\"><span style=\"font-size: medium;\">5. Zaleca si\u0119 zachowanie szczeg\u00f3lnej ostro\u017cno\u015bci przy manewrowaniu i cumowaniu. W porcie obowi\u0105zuje porz\u0105dek cumowania oraz posiadanie i u\u017cywanie odbijaczy.<\/span><\/span><\/p><p><a name=\"p3R_mc12\"><\/a><\/p><p><span style=\"font-family: Arial, sans-serif;\"><span style=\"font-size: medium;\">6. W basenie portowym zabrania si\u0119 wytwarzania wysokiej fali przez motor\u00f3wki, skutery wodne i jachty motorowe.<\/span><\/span><\/p><p><span style=\"font-family: Arial, sans-serif;\"><span style=\"font-size: medium;\">7. Wchodzenie i wychodzenie z portu dozwolone jest tylko w porze dziennej tj. od \u015bwitu do zmroku.<\/span><\/span><\/p><p><span style=\"font-family: Arial, sans-serif;\"><span style=\"font-size: medium;\">8. <\/span><\/span><span style=\"font-family: Arial, sans-serif;\"><span style=\"font-size: medium;\"><b>Za szkody wyrz\u0105dzone przy manewrowaniu, wadliwe zacumowanie jachtu,<br>odpowiedzialno\u015b\u0107 materialn\u0105 ponosi w\u0142a\u015bciciel jachtu lub sternik, z winy kt\u00f3rego powsta\u0142a szkoda.<\/b><\/span><\/span><\/p><p><a name=\"p3R_mc13\"><\/a><span style=\"font-family: Arial, sans-serif;\"><span style=\"font-size: medium;\">9. W\u0142a\u015bciciele\/armatorzy zobowi\u0105zani s\u0105 do oznaczenia swoich jednostek i posiadania aktualnych dokument\u00f3w rejestracyjnych, zgodnie z obowi\u0105zuj\u0105cymi przepisami<\/span><\/span><\/p><p><a name=\"p3R_mc14\"><\/a><span style=\"font-family: Arial, sans-serif;\"><span style=\"font-size: medium;\">10. Podczas postoju, jednostka powinna by\u0107 sklarowany, a wszystkie rzeczy na pok\u0142adzie zabezpieczone przed uszkodzeniem lub kradzie\u017c\u0105.<\/span><\/span><\/p><p><a name=\"p3R_mc15\"><\/a> <span style=\"font-family: Arial, sans-serif;\"><span style=\"font-size: medium;\"><b>K\u017b PETROCHEMIA nie ponosi jakiejkolwiek odpowiedzialno\u015bci za skutki ewentualnej kradzie\u017cy jednostki p\u0142ywaj\u0105cej lub jej element\u00f3w wyposa\u017cenia.<br><\/b><\/span><\/span><\/p><p><a name=\"p3R_mc16\"><\/a><span style=\"font-family: Arial, sans-serif;\"><span style=\"font-size: medium;\">11. W porcie oraz w obr\u0119bie jednostki nale\u017cy zachowa\u0107 czysto\u015b\u0107 i porz\u0105dek (zakazuje si\u0119 wyrzucania \u015bmieci do wody i na nabrze\u017ce portowe, wylewania p\u0142yn\u00f3w za burt\u0119, mycia naczy\u0144 w basenie portowym itp.).<br><\/span><\/span><\/p><p><a name=\"p3R_mc17\"><\/a><span style=\"font-family: Arial, sans-serif;\"><span style=\"font-size: medium;\">12. W basenie portowym zabrania si\u0119 k\u0105pieli, oraz palenia ognisk i rozbijania namiot\u00f3w na terenie portu. (Nie dotyczy miejsc wyznaczonych) <br><\/span><\/span><\/p><p><span style=\"font-family: Arial, sans-serif;\"><span style=\"font-size: medium;\">13. Na terenie kei cumowniczych i pomostach zabrania si\u0119 spo\u017cywania alkoholu i \u015brodk\u00f3w odurzaj\u0105cych, jak te\u017c przebywania na nich w stanie wskazuj\u0105cym na ich spo\u017cycie.<\/span><\/span><\/p><p><span style=\"font-family: Arial, sans-serif;\"><span style=\"font-size: medium;\">14. Dzieci mog\u0105 przebywa\u0107 na terenie portu tylko i wy\u0142\u0105cznie pod opiek\u0105 rodzic\u00f3w lub opiekun\u00f3w, a dzieci nie umiej\u0105ce p\u0142ywa\u0107 powinny by\u0107 zabezpieczone w kamizelki ratunkowe podczas przebywania na kejach cumowniczych i pomostach.<\/span><\/span><\/p><p><a name=\"p24R_mc1\"><\/a><a name=\"p24R_mc2\"><\/a><span style=\"font-family: Arial, sans-serif;\"><span style=\"font-size: medium;\">15. Psy na terenie portu musz\u0105 porusza\u0107 si\u0119 na smyczy i w kaga\u0144cu.<br><\/span><\/span><\/p><p><a name=\"p24R_mc3\"><\/a><a name=\"p24R_mc5\"><\/a><a name=\"p24R_mc6\"><\/a><a name=\"p24R_mc7\"><\/a> <span style=\"font-family: Arial, sans-serif;\"><span style=\"font-size: medium;\">16. W porcie i otaczaj\u0105cym go terenie obowi\u0105zuje cisza nocna w godzinach od 22:00 do 6:00.<br><\/span><\/span><\/p><p><a name=\"p24R_mc8\"><\/a><a name=\"p24R_mc11\"><\/a> <span style=\"font-family: Arial, sans-serif;\"><span style=\"font-size: medium;\">17. U\u017cytkownik\u00f3w portu obowi\u0105zuj\u0105 og\u00f3lne przepisy w zakresie bezpiecze\u0144stwa<br>przeciwpo\u017carowego.<br><\/span><\/span><\/p><p><a name=\"p24R_mc12\"><\/a><span style=\"font-family: Arial, sans-serif;\"><span style=\"font-size: medium;\">18. U\u017cytkownicy portu zobowi\u0105zani s\u0105 do stosowania si\u0119 do niniejszego Regulaminu i<br>polece\u0144 Bosmana LUB KOW w zakresie ustale\u0144 przewidzianych niniejszym regulaminem.<br><\/span><\/span><\/p><p><span style=\"font-family: Arial, sans-serif;\"><span style=\"font-size: medium;\">19. Nieprzestrzeganie przepis\u00f3w niniejszego Regulaminu mo\u017ce spowodowa\u0107 zakaz<br>korzystania z portu.<\/span><\/span><\/p><p><span style=\"font-family: Arial, sans-serif;\">ZARZ\u0104D KLUBU \u017bEGLARSKIEGO<\/span><span style=\"font-family: Arial, sans-serif;\"> \u201ePETROCHEMIA \u201e P\u0141OCK<\/span><\/p><\/div><\/div><\/div><\/div><\/div><\/div><\/div><\/div><div class=\"vce-row-container\" data-vce-boxed-width=\"true\"><div class=\"vce-row vce-row--col-gap-30 vce-row-equal-height vce-row-content--top\" id=\"el-946beddc\" data-vce-do-apply=\"all el-946beddc\"><div class=\"vce-row-content\" data-vce-element-content=\"true\"><div class=\"vce-col vce-col--md-auto vce-col--xs-1 vce-col--xs-last vce-col--xs-first vce-col--sm-last vce-col--sm-first vce-col--md-last vce-col--lg-last vce-col--xl-last vce-col--md-first vce-col--lg-first vce-col--xl-first\" id=\"el-d35e6d43\"><div class=\"vce-col-inner\" data-vce-do-apply=\"border margin background  el-d35e6d43\"><div class=\"vce-col-content\" data-vce-element-content=\"true\" data-vce-do-apply=\"padding el-d35e6d43\"><div class=\"vcv-row-control-wrapper\"><\/div><\/div><\/div><\/div><\/div><\/div><\/div>","protected":false},"excerpt":{"rendered":"<p>REGULAMIN PORTU JACHTOWEGO K\u017b \u201ePETROCHEMIA\u201d P\u0141OCK 1. Port jest miejscem postoju jednostek p\u0142ywaj\u0105cych cz\u0142onk\u00f3w klubu, rezydent\u00f3w, oraz go\u015bci zgodnie z cennikiem:- cz\u0142onek K\u017b \u201ePetrochemia\u201d &#8211; bezp\u0142atnie- rezydent &#8211; 220 z\u0142\/miesi\u0119cznie- go\u015b\u0107 &#8211; 30 z\u0142\/dob\u0119 , 10 z\u0142 \u2013 pod\u0142\u0105czenie pr\u0105du2. Miejsce i spos\u00f3b cumowania wyznacza Bosman lub Kierownik O\u015brodka Wodnego [&hellip;]<\/p>\n","protected":false},"author":1,"featured_media":0,"parent":0,"menu_order":0,"comment_status":"closed","ping_status":"closed","template":"","meta":{"footnotes":""},"class_list":["post-636","page","type-page","status-publish","hentry"],"post_mailing_queue_ids":[],"_links":{"self":[{"href":"https:\/\/www.kzpetrochemia.pl\/index.php\/wp-json\/wp\/v2\/pages\/636","targetHints":{"allow":["GET"]}}],"collection":[{"href":"https:\/\/www.kzpetrochemia.pl\/index.php\/wp-json\/wp\/v2\/pages"}],"about":[{"href":"https:\/\/www.kzpetrochemia.pl\/index.php\/wp-json\/wp\/v2\/types\/page"}],"author":[{"embeddable":true,"href":"https:\/\/www.kzpetrochemia.pl\/index.php\/wp-json\/wp\/v2\/users\/1"}],"replies":[{"embeddable":true,"href":"https:\/\/www.kzpetrochemia.pl\/index.php\/wp-json\/wp\/v2\/comments?post=636"}],"version-history":[{"count":4,"href":"https:\/\/www.kzpetrochemia.pl\/index.php\/wp-json\/wp\/v2\/pages\/636\/revisions"}],"predecessor-version":[{"id":643,"href":"https:\/\/www.kzpetrochemia.pl\/index.php\/wp-json\/wp\/v2\/pages\/636\/revisions\/643"}],"wp:attachment":[{"href":"https:\/\/www.kzpetrochemia.pl\/index.php\/wp-json\/wp\/v2\/media?parent=636"}],"curies":[{"name":"wp","href":"https:\/\/api.w.org\/{rel}","templated":true}]}}